{"id":1700,"date":"2019-03-28T12:41:07","date_gmt":"2019-03-28T11:41:07","guid":{"rendered":"https:\/\/www.cbmmarine.com\/contacto\/"},"modified":"2023-06-02T19:42:24","modified_gmt":"2023-06-02T17:42:24","slug":"contact","status":"publish","type":"page","link":"https:\/\/www.cbmmarine.com\/en\/contact\/","title":{"rendered":"Contact"},"content":{"rendered":"<section class=\"l-section wpb_row height_small parallax_ver\"><div class=\"l-section-h i-cf\"><div class=\"g-cols vc_row via_flex valign_top type_default stacking_default\"><div class=\"vc_col-sm-8 wpb_column vc_column_container\"><div class=\"vc_column-inner\"><div class=\"wpb_wrapper\"><div class=\"wpb_text_column\"><div class=\"wpb_wrapper\"><h2>Contact<\/h2>\n<\/div><\/div>\n<div class=\"wpcf7 no-js\" id=\"wpcf7-f1694-o1\" lang=\"es-ES\" dir=\"ltr\" data-wpcf7-id=\"1694\">\n<div class=\"screen-reader-response\"><p role=\"status\" aria-live=\"polite\" aria-atomic=\"true\"><\/p> <ul><\/ul><\/div>\n<form action=\"\/en\/wp-json\/wp\/v2\/pages\/1700#wpcf7-f1694-o1\" method=\"post\" class=\"wpcf7-form init wpcf7-acceptance-as-validation\" aria-label=\"Formulario de contacto\" novalidate=\"novalidate\" data-status=\"init\">\n<fieldset class=\"hidden-fields-container\"><input type=\"hidden\" name=\"_wpcf7\" value=\"1694\" \/><input type=\"hidden\" name=\"_wpcf7_version\" value=\"6.1.5\" \/><input type=\"hidden\" name=\"_wpcf7_locale\" value=\"es_ES\" \/><input type=\"hidden\" name=\"_wpcf7_unit_tag\" value=\"wpcf7-f1694-o1\" \/><input type=\"hidden\" name=\"_wpcf7_container_post\" value=\"0\" \/><input type=\"hidden\" name=\"_wpcf7_posted_data_hash\" value=\"\" \/>\n<\/fieldset>\n<p><label> Your Name<br \/>\n<span class=\"wpcf7-form-control-wrap\" data-name=\"your-name\"><input size=\"40\" maxlength=\"400\" class=\"wpcf7-form-control wpcf7-text wpcf7-validates-as-required\" aria-required=\"true\" aria-invalid=\"false\" placeholder=\"Your Name\" value=\"\" type=\"text\" name=\"your-name\" \/><\/span> <\/label>\n<\/p>\n<p><label> Your Email<br \/>\n<span class=\"wpcf7-form-control-wrap\" data-name=\"your-email\"><input size=\"40\" maxlength=\"400\" class=\"wpcf7-form-control wpcf7-email wpcf7-validates-as-required wpcf7-text wpcf7-validates-as-email\" aria-required=\"true\" aria-invalid=\"false\" placeholder=\"Your Email\" value=\"\" type=\"email\" name=\"your-email\" \/><\/span> <\/label>\n<\/p>\n<p><label> Your Telephone<br \/>\n<span class=\"wpcf7-form-control-wrap\" data-name=\"your-telephone\"><input size=\"40\" maxlength=\"400\" class=\"wpcf7-form-control wpcf7-tel wpcf7-validates-as-required wpcf7-text wpcf7-validates-as-tel\" aria-required=\"true\" aria-invalid=\"false\" placeholder=\"Your Telephone\" value=\"\" type=\"tel\" name=\"your-telephone\" \/><\/span> <\/label>\n<\/p>\n<p><label> Your Message<br \/>\n<span class=\"wpcf7-form-control-wrap\" data-name=\"your-message\"><textarea cols=\"40\" rows=\"10\" maxlength=\"2000\" class=\"wpcf7-form-control wpcf7-textarea wpcf7-validates-as-required\" aria-required=\"true\" aria-invalid=\"false\" placeholder=\"Your Message\" name=\"your-message\"><\/textarea><\/span> <\/label>\n<\/p>\n<p><label class=\"leido\"><span class=\"wpcf7-form-control-wrap\" data-name=\"accept-this-1\"><span class=\"wpcf7-form-control wpcf7-acceptance\"><span class=\"wpcf7-list-item\"><input type=\"checkbox\" name=\"accept-this-1\" value=\"1\" aria-invalid=\"false\" \/><\/span><\/span><\/span><span id=\"leido\">I have read and accept the <a href=\"https:\/\/www.cbmmarine.com\/en\/legal-info\/\" class=\"fancy-iframe\" data-url=\"https:\/\/www.cbmmarine.com\/en\/legal-info\/\">Legal Info<\/a><\/span><\/label>\n<\/p>\n<p><input class=\"wpcf7-form-control wpcf7-submit has-spinner\" type=\"submit\" value=\"Send\" \/>\n<\/p><p style=\"display: none !important;\" class=\"akismet-fields-container\" data-prefix=\"_wpcf7_ak_\"><label>&#916;<textarea name=\"_wpcf7_ak_hp_textarea\" cols=\"45\" rows=\"8\" maxlength=\"100\"><\/textarea><\/label><input type=\"hidden\" id=\"ak_js_1\" name=\"_wpcf7_ak_js\" value=\"82\"\/><script>document.getElementById( \"ak_js_1\" ).setAttribute( \"value\", ( new Date() ).getTime() );<\/script><\/p><div class=\"wpcf7-response-output\" aria-hidden=\"true\"><\/div>\n<\/form>\n<\/div>\n<\/div><\/div><\/div><div class=\"vc_col-sm-4 wpb_column vc_column_container\"><div class=\"vc_column-inner\"><div class=\"wpb_wrapper\"><div class=\"wpb_text_column\"><div class=\"wpb_wrapper\"><h2>Our Office<\/h2>\n<p>CBM MARINE<br \/>\nC\/ Via de la Cruz, 46 Local F<br \/>\nClub N\u00e1utico de Santa Pon\u00e7a<br \/>\n07180 Santa Pon\u00e7a<br \/>\n<a href=\"mailto:info@cbmmarine.com\">info@cbmmarine.com<\/a><br \/>\nPhone (+34) <strong>971 699 720<\/strong><br \/>\nMobile (+34) <strong>666 26 26 84<\/strong><\/p>\n<\/div><\/div><div class=\"w-separator size_small\"><\/div><div class=\"w-map provider_google us_custom_cb5c58dc\" id=\"us_map_1\"><div class=\"w-map-inner\"><div class=\"w-map-json\" onclick='return {&quot;address&quot;:&quot;39.512437,2.467168&quot;,&quot;disableDragging&quot;:0,&quot;disableZoom&quot;:0,&quot;hideControls&quot;:0,&quot;zoom&quot;:14,&quot;markers&quot;:[{&quot;address&quot;:&quot;39.512437,2.467168&quot;,&quot;html&quot;:&quot;&quot;,&quot;infowindow&quot;:0}],&quot;maptype&quot;:&quot;ROADMAP&quot;}'><\/div><\/div><\/div><\/div><\/div><\/div><\/div><\/div><\/section><section class=\"l-section wpb_row height_huge width_full with_img parallax_ver\"><div class=\"l-section-img\" role=\"img\" aria-label=\"Image\" data-img-width=\"2016\" data-img-height=\"1512\" style=\"background-image: url(https:\/\/www.cbmmarine.com\/wp-content\/uploads\/contest-mallorca-club-nautico-santa-ponsa.jpg);\"><\/div><div class=\"l-section-h i-cf\"><div class=\"g-cols vc_row via_flex valign_top type_default stacking_default\"><div class=\"vc_col-sm-12 wpb_column vc_column_container has_text_color\"><div class=\"vc_column-inner us_custom_4f39b3cc\"><div class=\"wpb_wrapper\">[vc_custom_heading text=&#8221;Come and meet us&#8221; font_container=&#8221;tag:h2|font_size:3em|text_align:center|color:%23ffffff&#8221; use_theme_fonts=&#8221;yes&#8221; css=&#8221;%7B%22default%22%3A%7B%22color%22%3A%22%23ffffff%22%2C%22font-size%22%3A%223em%22%7D%7D&#8221;]<\/div><\/div><\/div><\/div><\/div><\/section>\n","protected":false},"excerpt":{"rendered":"Contact Your Name Your Email Your Telephone Your Message I have read and accept the Legal Info &#916; Our Office CBM MARINE C\/ Via de la Cruz, 46 Local F Club N\u00e1utico de Santa Pon\u00e7a 07180 Santa Pon\u00e7a info@cbmmarine.com Phone (+34) 971 699 720 Mobile (+34) 666 26 26 84 [vc_custom_heading text=\"Come and meet us\"...","protected":false},"author":1,"featured_media":0,"parent":0,"menu_order":0,"comment_status":"closed","ping_status":"closed","template":"","meta":{"_acf_changed":false,"footnotes":""},"class_list":["post-1700","page","type-page","status-publish","hentry"],"acf":[],"_links":{"self":[{"href":"https:\/\/www.cbmmarine.com\/en\/wp-json\/wp\/v2\/pages\/1700","targetHints":{"allow":["GET"]}}],"collection":[{"href":"https:\/\/www.cbmmarine.com\/en\/wp-json\/wp\/v2\/pages"}],"about":[{"href":"https:\/\/www.cbmmarine.com\/en\/wp-json\/wp\/v2\/types\/page"}],"author":[{"embeddable":true,"href":"https:\/\/www.cbmmarine.com\/en\/wp-json\/wp\/v2\/users\/1"}],"replies":[{"embeddable":true,"href":"https:\/\/www.cbmmarine.com\/en\/wp-json\/wp\/v2\/comments?post=1700"}],"version-history":[{"count":4,"href":"https:\/\/www.cbmmarine.com\/en\/wp-json\/wp\/v2\/pages\/1700\/revisions"}],"predecessor-version":[{"id":2809,"href":"https:\/\/www.cbmmarine.com\/en\/wp-json\/wp\/v2\/pages\/1700\/revisions\/2809"}],"wp:attachment":[{"href":"https:\/\/www.cbmmarine.com\/en\/wp-json\/wp\/v2\/media?parent=1700"}],"curies":[{"name":"wp","href":"https:\/\/api.w.org\/{rel}","templated":true}]}}