{"id":1691,"date":"2019-03-28T19:06:06","date_gmt":"2019-03-28T18:06:06","guid":{"rendered":"https:\/\/www.cbmmarine.com\/informacion-legal\/"},"modified":"2019-04-16T12:25:18","modified_gmt":"2019-04-16T10:25:18","slug":"legal-info","status":"publish","type":"page","link":"https:\/\/www.cbmmarine.com\/en\/legal-info\/","title":{"rendered":"Legal Info"},"content":{"rendered":"<p>De conformidad con lo dispuesto en los art\u00edculos 10 y 11 de la Ley 34\/ 2002, de 11 de julio, de Servicios de la Sociedad de la Informaci\u00f3n y de Comercio Electr\u00f3nico se pone a disposici\u00f3n de los usuarios y visitantes la informaci\u00f3n legal relativa a la Entidad propietaria del sitio web ubicado en la direcci\u00f3n de Internet WWW.CONTESTMALLORCA.COM<\/p>\n<h2>TITULAR DE LA P\u00c1GINA WEB:<\/h2>\n<p>Denominaci\u00f3n social: CONTEST BROKERAGE MALLORCA SL CIF: B57027039<br \/>\nDomicilio: C\/ V\u00eda de la Cruz, 46 Local F &#8211; Club N\u00e1utico de Santa Pon\u00e7a &#8211; 07180 Santa Pon\u00e7a &#8211; BALEARES<br \/>\nDirecci\u00f3n de correo electr\u00f3nico: INFO@CONTESTMALLORCA.COM.<br \/>\nTel\u00e9fono: 971 699 720.<br \/>\nINSCRITO EN EL REGISTRO MERCANTIL Registro Mercantil de Palma de Mallorca.<\/p>\n<p>Uso correcto de la p\u00e1gina web: Las presentes Condiciones de Uso, regulan el acceso y utilizaci\u00f3n de la p\u00e1gina web WWW.CONTESTMALLORCA.COM. La utilizaci\u00f3n de esta Web le atribuye la condici\u00f3n de usuario de la misma desde el mismo momento del acceso e inicio de la navegaci\u00f3n por la misma, accediendo a cualquiera de sus contenidos, desde este mismo momento el usuario acepta de manera expresa, las presentes condiciones generales. Asimismo, el usuario acepta las condiciones particulares aplicables a los diferentes servicios que oferta la entidad, en la web.<\/p>\n<p>El usuario se obliga desde la aceptaci\u00f3n a realizar un uso de la p\u00e1gina web , los contenidos y sus servicios de conformidad a ley, las buenas costumbres y el orden p\u00fablico. Empleando la diligencia adecuada a la naturaleza del servicio del que disfruta a trav\u00e9s de la p\u00e1gina web .<\/p>\n<p>MODIFICACIONES: La entidad se reserva el derecho a modificar, unilateralmente, en cualquier momento y sin previo aviso las presentes condiciones. En estos casos se proceder\u00e1 a su publicaci\u00f3n y aviso con la m\u00e1xima antelaci\u00f3n posible. De igual modo, se reserva el derecho a modificar, unilateralmente, en cualquier momento y sin previo aviso, la presentaci\u00f3n y configuraci\u00f3n de la Web.<\/p>\n<p>ENLACES CON TERCEROS: El presente Aviso Legal se refiere \u00fanicamente a la p\u00e1gina web y contenidos de la entidad, y no se aplica a los enlaces o a las p\u00e1ginas web de terceros accesibles a trav\u00e9s de la p\u00e1gina web. La entidad no es responsable del contenido de ninguna de las p\u00e1ginas web de destino de un enlace, ni de ning\u00fan enlace incluido en una p\u00e1gina web a la que se llegue desde la web de la entidad.<\/p>\n<p>Propiedad intelectual e industrial: Todos los contenidos de la p\u00e1gina Web son titularidad exclusiva de la entidad y, con car\u00e1cter enunciativo, que no limitativo, el dise\u00f1o gr\u00e1fico, c\u00f3digo fuente, logos, textos, gr\u00e1ficos, ilustraciones, fotograf\u00edas, y dem\u00e1s elementos que aparecen en la p\u00e1gina web. As\u00ed mismo los nombres comerciales, marcas o signos distintivos de cualquier clase contenidos en la p\u00e1gina Web est\u00e1n protegidos por la Ley de propiedad intelectual e industrial. Corresponde a la entidad el ejercicio exclusivo de los derechos de explotaci\u00f3n de la propiedad intelectual mencionada, en cualquier forma y, en especial, los derechos de reproducci\u00f3n, distribuci\u00f3n, comunicaci\u00f3n p\u00fablica. El usuario tiene prohibido cualquier uso no consentido total o parcial de cualquiera de los contenidos de la p\u00e1gina web que integran los derechos de propiedad intelectual o industrial de la entidad sobre la p\u00e1gina y\/o sus contenidos.<\/p>\n<p>La entidad se reserva el derecho a realizar cualquier tipo de acci\u00f3n legal contra cualquier usuario que realice acci\u00f3n que implique reproducci\u00f3n, distribuci\u00f3n, comercializaci\u00f3n, transformaci\u00f3n, y en general, cualquier otra forma de explotaci\u00f3n, por cualquier procedimiento, de todo o parte de los contenidos de la p\u00e1gina Web y que constituya una infracci\u00f3n de los derechos de propiedad intelectual y\/o industrial de la misma.<\/p>\n<p>NOTIFICACIONES: A los efectos de las Presentes condiciones Generales, y para cualquier comunicaci\u00f3n que sea precisa entre la entidad y el Usuario, \u00e9stos deber\u00e1n dirigirse mediante correo electr\u00f3nico. Las comunicaciones de la entidad al Usuario se realizar\u00e1n conforme a los datos aportados por \u00e9ste al registrarse en la p\u00e1gina web. El Usuario acepta expresamente y para todas las comunicaciones relacionadas con la utilizaci\u00f3n de la p\u00e1gina web y\/o la contrataci\u00f3n de los servicios en \u00e9l ofertados, la utilizaci\u00f3n del correo electr\u00f3nico como procedimiento v\u00e1lido para la remisi\u00f3n de dichas comunicaciones.<\/p>\n<p>LEGISLACION APLICABLE SUMISION A FUERO: Las presentes condiciones, se regir\u00e1n por la legislaci\u00f3n espa\u00f1ola, que ser\u00e1 de aplicaci\u00f3n en lo no dispuesto en este contrato en materia de interpretaci\u00f3n, validez y ejecuci\u00f3n. Las partes renuncian expresamente al fuero que les pudiera corresponder y someten expresamente a los Juzgados y Tribunales de Palma de Mallorca para resolver cualquier controversia que pueda surgir en la interpretaci\u00f3n o ejecuci\u00f3n de las presentes condiciones contractuales.<\/p>\n<h2>POL\u00cdTICA DE PRIVACIDAD<\/h2>\n<p>1 \u2013 POLITICA DE PROTECCION DE DATOS DE CAR\u00c1CTER PERSONAL<\/p>\n<p>1.1.A los efectos de lo dispuesto en la Ley Org\u00e1nica 3\/2018, de 5 de diciembre, de Protecci\u00f3n de Datos Personales y garant\u00eda de los derechos digitales (LOPD-GDD), CONTEST BROKERAGE MALLORCA SL informa al Usuario de la existencia de un varios ficheros mixtos de datos de car\u00e1cter personal denominados CLIENTES \/USUARIOS WEB creados con los datos obtenidos en la Web por y para CONTEST BROKERAGE MALLORCA SL y bajo su responsabilidad, con las finalidades de informaci\u00f3n y prestaci\u00f3n de los servicios ofrecidos en la p\u00e1gina web. Dichos ficheros se hallan inscrito en el Registro General de la Agencia de Protecci\u00f3n de Datos.<\/p>\n<p>La Ley Org\u00e1nica 3\/2018, de 5 de diciembre, de Protecci\u00f3n de Datos Personales y garant\u00eda de los derechos digitales (LOPD-GDD) es una ley org\u00e1nica aprobada por las Cortes Generales de Espa\u00f1a que tiene por objeto adaptar el Derecho interno espa\u00f1ol al Reglamento General de Protecci\u00f3n de Datos. Esta ley org\u00e1nica deroga a la anterior Ley Org\u00e1nica 15\/1999 de Protecci\u00f3n de Datos de Car\u00e1cter Personal (aunque se mantiene vigente para la regulaci\u00f3n de ciertas actividades).Esta ley entr\u00f3 en vigor el 7 de diciembre de 2018.<\/p>\n<p>1.2 El cliente acepta expresamente la inclusi\u00f3n de los datos recabados durante la navegaci\u00f3n por la p\u00e1gina, o proporcionados mediante la cumplimentaci\u00f3n de cualquier formulario, as\u00ed como los derivados de una posible relaci\u00f3n comercial, en los ficheros automatizado de datos de car\u00e1cter personal referidos en el apartado primero. Durante el proceso de recogida de datos y en cada lugar de la Web en el que se soliciten dichos datos, el cliente ser\u00e1 informado, ya sea mediante un hyperlink, ya sea mediante la inclusi\u00f3n de las menciones oportunas en el propio formulario, de car\u00e1cter obligatorio o no de recogida de tales datos. A todo cliente que decide registrarse en la p\u00e1gina web de nuestra empresa, le solicitamos los datos necesarios para los fines a los que est\u00e1 destinado la empresa, que no es otro que es la prestaci\u00f3n de los servicios y\/o venta de productos contratados.<\/p>\n<p>1.3 El cliente podr\u00e1 ejercitar, respecto de los datos recabados en la forma prevista en el apartado anterior, los derechos reconocidos en la Ley Org\u00e1nica 15\/1999, y en particular los derechos de acceso, rectificaci\u00f3n o cancelaci\u00f3n de datos y oposici\u00f3n, siempre que resultase pertinente, as\u00ed como el de revocaci\u00f3n del consentimiento para la cesi\u00f3n de sus datos o para cualquiera de los usos se\u00f1alados. Los derechos referidos en el p\u00e1rrafo precedente, podr\u00e1n ejercitarse por cada cliente a trav\u00e9s de un formulario de solicitud de cancelaci\u00f3n que nos solicitar\u00e1 por correo electr\u00f3nico. La solicitud escrita y firmada podr\u00e1 enviarla por correo postal a la siguiente direcci\u00f3n: CONTEST BROKERAGE MALLORCA SL CIF\/Nif: B57027039 Web: WWW.CONTESTMALLORCA.COM. Domicilio: C\/ V\u00eda de la Cruz, 46 Local F &#8211; Club N\u00e1utico de Santa Pon\u00e7a &#8211; 07180 Santa Pon\u00e7a &#8211; BALEARES, adjuntando en ambos casos fotocopia del DNI del cliente.<\/p>\n<p>1.4 CONTEST BROKERAGE MALLORCA SL informa que si un CLIENTE quiere registrarse en la Web , se le van a pedir toda una serie de datos como cumplimentaci\u00f3n obligatoria tal y como ya hemos comentado anteriormente, por lo cual si no se aportan\/cumplimentan dichos datos no tendr\u00e1 lugar el alta en la p\u00e1gina web de CONTEST BROKERAGE MALLORCA SL Ser\u00e1 obligaci\u00f3n de todos los clientes garantizar que la informaci\u00f3n que se aporte sea exacta y que est\u00e9 actualizada.<\/p>\n<p>1.5 El CLIENTE acepta que pueda utilizar cookies y seguimiento de IP\u00b4s con el fin de recoger datos a efectos estad\u00edsticos.<\/p>\n<p>1.6 CONTEST BROKERAGE MALLORCA SL se compromete en la utilizaci\u00f3n de los datos incluidos en los ficheros anteriormente referidos, a respetar su confidencialidad y a utilizarlos de acuerdo con la finalidad del fichero, as\u00ed como a dar cumplimiento a su obligaci\u00f3n de guardarlos y adaptar todas las medidas para evitar la alteraci\u00f3n, p\u00e9rdida, tratamiento o acceso no autorizado, de acuerdo con lo establecido por el Real Decreto 1720\/2007 por el que se aprueba el reglamento que desarrolla la LOPD.<\/p>\n<p>1.7 Los datos de car\u00e1cter personal que nos proporcione ser\u00e1n objeto de tratamiento automatizado e incorporados a los ficheros automatizados de CONTEST BROKERAGE MALLORCA SL, siendo esta Sociedad titular y responsable de sus propios ficheros, los cuales, conforme a la normativa vigente, se encuentran debidamente registrados en el Registro General de la Agencia de Protecci\u00f3n de Datos. En los formularios del Registro donde se recaben datos de car\u00e1cter personal, se se\u00f1alar\u00e1n los distintos campos cuya cumplimentaci\u00f3n es necesaria para realizar el registro correspondiente. As\u00ed, salvo que se indique lo contrario las respuestas a las preguntas sobre datos personales son voluntarias, sin que la falta de contestaci\u00f3n a dichas preguntas implique una merma en la calidad o cantidad de los servicios correspondientes, a menos que se indique otra cosa.<\/p>\n<p>1.8 El tratamiento automatizado a que ser\u00e1n sometidos todos los datos de car\u00e1cter personal recogidos como consecuencia de la solicitud, utilizaci\u00f3n, contrataci\u00f3n de cualquier producto o servicio o de cualquier transacci\u00f3n u operaci\u00f3n realizada a trav\u00e9s de esta p\u00e1gina web tiene como finalidad principal el mantenimiento de la relaci\u00f3n contractual en su caso establecida con el propietario de esta p\u00e1gina web.<\/p>\n<p>1.9 El cliente y\/o usuario acepta que la web pueda utilizar cookies. Todo ello de conformidad con el art 22.2 de la ley 34\/2002, de 11 de julio, de servicios de la sociedad de la informaci\u00f3n y de comercio electr\u00f3nico que se modifica en virtud del art 4 real decreto-ley 13\/2012, con su nueva redacci\u00f3n. Que se regula en la pol\u00edtica de cookies.<\/p>\n<p>1.10 El cliente y\/o usuario web acepta expresamente que sus datos de car\u00e1cter personal sean utilizados para la gesti\u00f3n, administraci\u00f3n, prestaci\u00f3n, ampliaci\u00f3n y mejora de los servicios aceptando expresamente la recepci\u00f3n de boletines informativos, sus datos s\u00f3lo ser\u00e1n utilizados para gestionar el env\u00edo de este bolet\u00edn.<\/p>\n<p>1.11 Usted autoriza el env\u00edo de publicidad respecto a nuestros servicios y productos de manera sus datos s\u00f3lo ser\u00e1n utilizados para gestionar el env\u00edo de publicidad a trav\u00e9s de medios tradicionales o electr\u00f3nicos. En el caso de las direcciones de correo electr\u00f3nico o formulario de contacto de la p\u00e1gina web, los datos que nos proporcione a trav\u00e9s de los mismos, ser\u00e1n utilizados exclusivamente para atender las consultas que nos plantee por este medio. Todo ello de conformidad con el art 22.1 y 22.2 de la ley 34\/2002, de 11 de julio, de servicios de la sociedad de la informaci\u00f3n y de comercio electr\u00f3nico que se modifica en virtud del art 4 Real Decreto-Ley 13\/2012, con su nueva redacci\u00f3n.<\/p>\n<p>1.12 La entidad garantiza la confidencialidad de los datos de car\u00e1cter personal. Ello no obstante, revelar\u00e1 a las autoridades p\u00fablicas competentes los datos personales y cualquier otra informaci\u00f3n que est\u00e9 en su poder o sea accesible a trav\u00e9s de sus sistemas y sea requerida de conformidad con las disposiciones legales y reglamentarias aplicables al caso. Los datos de car\u00e1cter personal podr\u00e1n ser conservados en los ficheros titularidad de CONTEST BROKERAGE MALLORCA SL incluso una vez finalizadas las relaciones formalizadas a trav\u00e9s de la p\u00e1gina web de la empresa, exclusivamente a los fines indicados anteriormente y, en todo caso, durante los plazos legalmente establecidos, a disposici\u00f3n de autoridades administrativas o judiciales.<\/p>\n<h2 id=\"cookies\">POL\u00cdTICAS DE COOKIES<\/h2>\n<p>La entidad: CONTEST BROKERAGE MALLORCA SL CIF\/Nif: B57027039 Web: WWW.CONTESTMALLORCA.COM. Domicilio: C\/ V\u00eda de la Cruz, 46 Local F &#8211; Club N\u00e1utico de Santa Pon\u00e7a &#8211; 07180 Santa Pon\u00e7a &#8211; BALEARES. Direcci\u00f3n de correo electr\u00f3nico: INFO@CONTESTMALLORCA.COM le informa que de conformidad con el art 22.2 de la Ley 34\/2002, de 11 de julio, de servicios de la sociedad de la informaci\u00f3n y de comercio electr\u00f3nico (LSSI) informa de manera expresa al usuario que esta web: utiliza \u2018cookies\u2019 propias y de terceros para ofrecerle una mejor experiencia y servicio. Al navegar o utilizar nuestros servicios el usuario acepta de manera expresa el uso que hacemos de las \u2018cookies\u2019. Sin embargo, el usuario tiene la opci\u00f3n de impedir la generaci\u00f3n de \u2018cookies\u2019 y la eliminaci\u00f3n de las mismas mediante la selecci\u00f3n de la correspondiente opci\u00f3n en su navegador. En caso de bloquear el uso de \u2018cookies\u2019 en su navegador es posible que algunos servicios o funcionalidades de la p\u00e1gina web no est\u00e9n disponibles.<\/p>\n<p>A) Se entienden por Cookies propias: Aqu\u00e9llas que se env\u00edan al equipo terminal del usuario desde un equipo o dominio gestionado por el propio editor y desde el que se presta el servicio solicitado por el usuario.<\/p>\n<p>\u00bfQu\u00e9 es una \u2018cookie\u2019?<\/p>\n<p>Una \u2018cookie\u2019 es un fichero que se descarga en los sitios web, y que determinadas p\u00e1ginas web env\u00edan al navegador y que se almacenan en el terminal del usuario, el cual puede ser un ordenador personal, un tel\u00e9fono m\u00f3vil, una tableta, etc. Estos archivos permiten que el sitio web recuerde informaci\u00f3n sobre su visita, como el idioma y las opciones preferidas, lo que le puede permitir recuperar informaci\u00f3n sobre la navegaci\u00f3n que se efect\u00faa desde su equipo, de esta manera se pretende facilitar su pr\u00f3xima visita y hacer que el sitio resulte m\u00e1s \u00fatil al personalizar su contenido.<\/p>\n<p>\u00bfC\u00f3mo se utilizan las \u2018cookies\u2019?<\/p>\n<p>Al navegar por esta p\u00e1gina web el usuario est\u00e1 aceptando que se puedan instalar \u2018cookies\u2019 en su terminal y que nos permiten conocer la siguiente informaci\u00f3n:<\/p>\n<p>\u2022 Informaci\u00f3n estad\u00edstica del uso de la web<br \/>\n\u2022 El login del usuario para mantener la sesi\u00f3n activa en la web<br \/>\n\u2022 El formato de la web preferente en el acceso desde dispositivos m\u00f3viles.<br \/>\n\u2022 Las \u00faltimas b\u00fasquedas realizadas en los servicios de la web y datos de personalizaci\u00f3n de estos servicios.<br \/>\n\u2022 Informaci\u00f3n sobre los anuncios que se muestran al usuario.<br \/>\n\u2022 Informaci\u00f3n de las encuestas en las que ha participado el usuario.<br \/>\n\u2022 Datos de la conexi\u00f3n con las redes sociales para los usuarios que acceden con su usuario de Facebook o Twitter.<\/p>\n<p>Tipos de \u2018cookies\u2019 utilizadas<\/p>\n<p>1-Esta web utiliza tanto \u2018cookies\u2019 temporales de sesi\u00f3n como \u2018cookies\u2019 permanentes. Las \u2018cookies\u2019 de sesi\u00f3n almacenan datos \u00fanicamente mientras el usuario accede a la web y las \u2018cookies\u2019 permanentes almacenan los datos en el terminal para que sean accedidos y utilizados en m\u00e1s de una sesi\u00f3n. Se suelen emplear para almacenar informaci\u00f3n que solo interesa conservar para la prestaci\u00f3n del servicio solicitado por el usuario en una sola ocasi\u00f3n.<\/p>\n<p>Seg\u00fan la finalidad para la que se traten los datos obtenidos a trav\u00e9s de las \u2018cookies\u2019, la web puede utilizar:<\/p>\n<p>\u2018Cookies\u2019 t\u00e9cnicas<\/p>\n<p>2-Cookies t\u00e9cnicas: Son aqu\u00e9llas que permiten al usuario la navegaci\u00f3n a trav\u00e9s de una p\u00e1gina web, plataforma o aplicaci\u00f3n y la utilizaci\u00f3n de las diferentes opciones o servicios que en ella existan como, por ejemplo, controlar el tr\u00e1fico y la comunicaci\u00f3n de datos, identificar la sesi\u00f3n, acceder a partes de acceso restringido, recordar los elementos que integran un pedido, realizar el proceso de compra de un pedido, realizar la solicitud de inscripci\u00f3n o participaci\u00f3n en un evento, utilizar elementos de seguridad durante la navegaci\u00f3n, almacenar contenidos para la difusi\u00f3n de videos o sonido o compartir contenidos a trav\u00e9s de redes sociales.<\/p>\n<p>\u2018Cookies\u2019 de personalizaci\u00f3n<\/p>\n<p>3-Cookies de personalizaci\u00f3n: Son aqu\u00e9llas que permiten al usuario acceder al servicio con algunas caracter\u00edsticas de car\u00e1cter general predefinidas en funci\u00f3n de una serie de criterios en el terminal del usuario como por ejemplo serian el idioma, el tipo de navegador a trav\u00e9s del cual accede al servicio, la configuraci\u00f3n regional desde donde accede al servicio, geolocalizaci\u00f3n del terminal y la configuraci\u00f3n regional desde donde se accede al servicio.<\/p>\n<p>\u2018Cookies\u2019 publicitarias:<\/p>\n<p>4-Cookies publicitarias: Son aqu\u00e9llas que permiten la gesti\u00f3n, de la forma m\u00e1s eficaz posible, de los espacios publicitarios que, en su caso, el editor haya incluido en una p\u00e1gina web, aplicaci\u00f3n o plataforma desde la que presta el servicio solicitado en base a criterios como el contenido editado o la frecuencia en la que se muestran los anuncios.<\/p>\n<p>\u2018Cookies\u2019 de publicidad comportamental:<\/p>\n<p>5-Cookies de publicidad comportamental: Son aqu\u00e9llas que permiten la gesti\u00f3n, de la forma m\u00e1s eficaz posible, de los espacios publicitarios que, en su caso, el editor haya incluido en una p\u00e1gina web, aplicaci\u00f3n o plataforma desde la que presta el servicio solicitado. Estas cookies almacenan informaci\u00f3n del comportamiento de los usuarios obtenida a trav\u00e9s de la observaci\u00f3n continuada de sus h\u00e1bitos de navegaci\u00f3n, lo que permite desarrollar un perfil espec\u00edfico para mostrar publicidad en funci\u00f3n del mismo.<\/p>\n<p>\u2018Cookies\u2019 de an\u00e1lisis estad\u00edsticos:<\/p>\n<p>6-Cookies de an\u00e1lisis estad\u00edstico.-Son aqu\u00e9llas que permiten realizar el seguimiento y an\u00e1lisis del comportamiento de los usuarios en los sitios web. La informaci\u00f3n recogida mediante este tipo de \u2018cookies\u2019 se utiliza en la medici\u00f3n de la actividad de los sitios web, aplicaci\u00f3n o plataforma y para la elaboraci\u00f3n de perfiles de navegaci\u00f3n de los usuarios de dichos sitios, con el fin de introducir mejoras en el servicio en funci\u00f3n de los datos de uso que hacen los usuarios.<\/p>\n<p>\u2013 Cookies de terceros<\/p>\n<p>B)Cookies de terceros: Son aqu\u00e9llas que se env\u00edan al equipo terminal del usuario desde un equipo o dominio que no es gestionado por el editor, sino por otra entidad que trata los datos obtenidos trav\u00e9s de las cookies. En algunas p\u00e1ginas web se pueden instalar \u2018cookies\u2019 de terceros que permiten gestionar y mejorar los servicios ofrecidos. Como por ejemplo, servicios estad\u00edsticos de Google Analytics y Comscore.<\/p>\n<p>La Entidad utiliza en este sitio web las siguientes cookies que se detallan a continuaci\u00f3n:<\/p>\n<p>\u00bfC\u00f3mo administrar \u2018cookies\u2019 en el navegador?<\/p>\n<p>El usuario tiene la opci\u00f3n de permitir, bloquear o eliminar las \u2018cookies\u2019 instaladas en su equipo mediante la configuraci\u00f3n de las opciones del navegador instalado en su terminal:<\/p>\n<p>C\u00f3mo administrar las cookies en los ordenadores<\/p>\n<p>Si quieres permitir el uso de cookies de nuestro site, por favor sigue las Siguientes instrucciones.<\/p>\n<p>Google Chrome<\/p>\n<p>1. Al abrir el navegador, pincha \u2018herramientas\u2019 en la parte superior y selecciona la pesta\u00f1a de \u2018opciones\u2019<br \/>\n2. Dentro de opciones, pincha \u2018privacidad\u2019.<br \/>\n3. Marca \u2018permitir la administraci\u00f3n de cookies\u2019.<\/p>\n<p>Microsoft Internet Explorer 6.0, 7.0, 8.0, 9.0<\/p>\n<p>1. Al abrir el navegador, pincha \u2018herramientas\u2019 en la parte superior y selecciona la pesta\u00f1a de \u2018opciones\u2019.<br \/>\n2. Revisa la pesta\u00f1a de \u2018Privacidad\u2019 asegur\u00e1ndote est\u00e1 configurada con un nivel de seguridad medio o inferior.<br \/>\n3. Si la configuraci\u00f3n de Internet no es media se estar\u00e1n bloqueando las cookies.<\/p>\n<p>Mozilla Firefox<\/p>\n<p>1. Al abrir el navegador, pincha \u2018herramientas\u2019 en la parte superior y selecciona la pesta\u00f1a de \u2018opciones\u2019.<br \/>\n2. Selecciona el icono de Privacidad.<br \/>\n3. Pincha en cookies, y marca: \u2018permitir la instalaci\u00f3n de cookies\u2019.<\/p>\n<p>Safari<\/p>\n<p>1. Al abrir el navegador, pincha \u2018herramientas\u2019 en la parte superior y selecciona la pesta\u00f1a de \u2018opciones\u2019.<br \/>\n2. Pincha en la pesta\u00f1a de \u2018Seguridad\u2019 y revisa si la opci\u00f3n \u2018Bloquear el Acceso de cookies de terceros\u2019 est\u00e1 marcada o no.<br \/>\n3. Pincha en \u2018guardar\u2019.<\/p>\n<p>La instalaci\u00f3n de cookies en Mac<\/p>\n<p>Si tienes un Mac y quieres permitir el acceso de nuestras cookies en tu ordenador, por favor sigue las siguientes instrucciones:<\/p>\n<p>Microsoft Internet Explorer 5.0 en OSX<\/p>\n<p>1. Entra en \u2018Explorer\u2019 y selecciona \u2018Preferencias\u2019 en la barra de navegaci\u00f3n.<br \/>\n2. Haz scroll hacia abajo hasta que veas \u2018Cookies\u2019 justo debajo de archivos recibidos.<br \/>\n3. Marca \u2018No volver a preguntar\u2019.<\/p>\n<p>Safari en OSX<\/p>\n<p>1. Entra en Safari y selecciona \u2018Preferencias\u2019 en la barra de navegaci\u00f3n.<br \/>\n2.Pincha en la pesta\u00f1a de \u2018Seguridad\u2019 y marca la opci\u00f3n \u2018aceptar cookies\u2019.<br \/>\n3. Selecciona la opci\u00f3n: \u2018S\u00f3lo desde el site actual en que estoy navegando\u2019.<\/p>\n<p>Mozilla y Netscape en OSX.<\/p>\n<p>1. Entra en \u2018Mozilla\u2019 o \u2018Netscape\u2019 y en la parte superior de tu navegador, marca la opci\u00f3n de \u2018Preferencias\u2019<br \/>\n2. Haz scroll hacia abajo hasta que veas \u2018Cookies\u2019 justo debajo de \u2018Privacidad y Seguridad\u2019.<br \/>\n3. Marca la opci\u00f3n \u2018Permitir el acceso de cookies s\u00f3lo desde el site actual\u2019<\/p>\n<p>Opera<\/p>\n<p>1. Entra en \u2018Opera\u2019 y selecciona \u2018Men\u00fa\u2019 y \u2018Ajustes\u2019 en la barra de navegaci\u00f3n.<br \/>\n2. Selecciona \u2018Preferencias\u2019 y pincha en la pesta\u00f1a de \u2018Avanzado\u2019.<br \/>\n3. Marca la opci\u00f3n \u2018Aceptar cookies\u2019 En caso de bloquear el uso de \u2018cookies\u2019 en su navegador es posible que algunos servicios o funcionalidades de la p\u00e1gina web no est\u00e9n disponibles.<\/p>\n<p>En algunos navegadores se pueden configurar reglas espec\u00edficas para administrar \u2018cookies\u2019 por sitio web, lo que ofrece un control m\u00e1s preciso sobre la privacidad. Esto significa que se puede inhabilitar \u2018cookies\u2019 de todos los sitios salvo de aquellos en los que se conf\u00ede.<\/p>\n","protected":false},"excerpt":{"rendered":"<p>De conformidad con lo dispuesto en los art\u00edculos 10 y 11 de la Ley 34\/ 2002, de 11 de julio, de Servicios de la Sociedad de la Informaci\u00f3n y de Comercio Electr\u00f3nico se pone a disposici\u00f3n de los usuarios y visitantes la informaci\u00f3n legal relativa a la Entidad propietaria del sitio web ubicado en la&#8230;<\/p>\n","protected":false},"author":1,"featured_media":0,"parent":0,"menu_order":0,"comment_status":"closed","ping_status":"closed","template":"","meta":{"_acf_changed":false,"footnotes":""},"class_list":["post-1691","page","type-page","status-publish","hentry"],"acf":[],"_links":{"self":[{"href":"https:\/\/www.cbmmarine.com\/en\/wp-json\/wp\/v2\/pages\/1691","targetHints":{"allow":["GET"]}}],"collection":[{"href":"https:\/\/www.cbmmarine.com\/en\/wp-json\/wp\/v2\/pages"}],"about":[{"href":"https:\/\/www.cbmmarine.com\/en\/wp-json\/wp\/v2\/types\/page"}],"author":[{"embeddable":true,"href":"https:\/\/www.cbmmarine.com\/en\/wp-json\/wp\/v2\/users\/1"}],"replies":[{"embeddable":true,"href":"https:\/\/www.cbmmarine.com\/en\/wp-json\/wp\/v2\/comments?post=1691"}],"version-history":[{"count":1,"href":"https:\/\/www.cbmmarine.com\/en\/wp-json\/wp\/v2\/pages\/1691\/revisions"}],"predecessor-version":[{"id":1692,"href":"https:\/\/www.cbmmarine.com\/en\/wp-json\/wp\/v2\/pages\/1691\/revisions\/1692"}],"wp:attachment":[{"href":"https:\/\/www.cbmmarine.com\/en\/wp-json\/wp\/v2\/media?parent=1691"}],"curies":[{"name":"wp","href":"https:\/\/api.w.org\/{rel}","templated":true}]}}